{"id":71,"date":"2016-08-11T09:07:54","date_gmt":"2016-08-11T09:07:54","guid":{"rendered":"http:\/\/portail-archives.net\/wp\/?page_id=71"},"modified":"2025-06-09T23:06:05","modified_gmt":"2025-06-10T03:06:05","slug":"arch-maj","status":"publish","type":"page","link":"https:\/\/portail-archives.net\/wp\/arch-maj\/","title":{"rendered":"Historique des mises \u00e0 jour"},"content":{"rendered":"<blockquote><p>\n<font color=\"brown\">Le tableau suivant montre la progression de la <i>version Windows<\/i> d&rsquo;<b>ARCHI-LOG<\/b> au cours de ses nombreuses mises \u00e0 jour.  Utilisez-le pour apprendre quelles nouvelles fonctions ont \u00e9t\u00e9 ajout\u00e9es depuis la version que vous d\u00e9tenez actuellement.<\/font><\/p>\n<\/blockquote>\n<div align=\"right\"><font color=\"red\" bgcolor=\"white\"><b>Nouveau : <\/b><br \/>\n<A HREF=\"https:\/\/portail-archives.net\/wp\/arch-sup\" target=\"_blank\">Obtenez la mise &agrave; jour la plus r&eacute;cente<\/A><\/p>\n<p><\/font><\/div>\n<p><font size=\"-2\" color=\"#800000\"><br \/>\n<center><\/p>\n<p><font size=\"-3\" color=\"#800000\"><\/p>\n<table border=1 cellspacing=0>\n<tr>\n<th style=\"text-align:center;\">Versions<\/th>\n<th style=\"text-align:center;\">de<\/th>\n<th style=\"text-align:center;\">\u00e0<\/th>\n<th style=\"text-align:center;\">Lien<\/th>\n<\/tr>\n<tr align=center>\n<td>&nbsp; 3.01.02c1 \u00e0 3.01.02d22 &nbsp;<\/td>\n<td>&nbsp; 2023.02.06 &nbsp;<\/td>\n<td>&nbsp; 2024.01.18 &nbsp;<\/td>\n<td>&nbsp;<\/td>\n<\/tr>\n<tr align=center>\n<td>&nbsp; 3.01.02 \u00e0 3.01.02b4 &nbsp;<\/td>\n<td>&nbsp; 2022.04.17 &nbsp;<\/td>\n<td>&nbsp; 2023.02.05 &nbsp;<\/td>\n<td>&nbsp;<\/td>\n<\/tr>\n<tr align=center>\n<td>&nbsp; 3.01.01p11 \u00e0 3.01.01q2 &nbsp;<\/td>\n<td>&nbsp; 2021.12.18 &nbsp;<\/td>\n<td>&nbsp; 2022.04.04 &nbsp;<\/td>\n<td>&nbsp;<\/td>\n<\/tr>\n<tr align=center>\n<td>&nbsp; 3.01.00 \u00e0 3.01.01p10 &nbsp;<\/td>\n<td>&nbsp; 2013.11.07 &nbsp;<\/td>\n<td>&nbsp; 2021.12.16 &nbsp;<\/td>\n<td>&nbsp;<\/td>\n<\/tr>\n<tr align=center>\n<td>&nbsp; 2.08.18h \u00e0 2.08.18v9 &nbsp;<\/td>\n<td>&nbsp; 2016.12.17 &nbsp;<\/td>\n<td>&nbsp; 2018.08.10 &nbsp;<\/td>\n<td>&nbsp;<\/td>\n<\/tr>\n<tr align=center>\n<td>&nbsp; 2.08.15 \u00e0 2.08.18g&nbsp;<\/td>\n<td>&nbsp; 2015.09.26 &nbsp;<\/td>\n<td>&nbsp; 2016.12.16 &nbsp;<\/td>\n<td width=\"25%\"><a href=\"http:\/\/portail-archives.net\/archilog\/histmaj208c.pdf\" target=\"_blank\">PDF<\/a><\/td>\n<\/tr>\n<tr align=center>\n<td>&nbsp; 2.08.08 \u00e0 2.08.14b&nbsp;<\/td>\n<td>&nbsp; 2014.05.04 &nbsp;<\/td>\n<td>&nbsp; 2015.08.14 &nbsp;<\/td>\n<td width=\"25%\"><a href=\"http:\/\/portail-archives.net\/archilog\/histmaj208b.pdf\" target=\"_blank\">PDF<\/a><\/td>\n<\/tr>\n<tr align=center>\n<td>&nbsp; 2.08.01 \u00e0 2.08.07&nbsp;<\/td>\n<td>&nbsp; 2013.08.22 &nbsp;<\/td>\n<td>&nbsp; 2014.04.29 &nbsp;<\/td>\n<td width=\"25%\"><a href=\"http:\/\/portail-archives.net\/archilog\/histmaj208a.pdf\" target=\"_blank\">PDF<\/a><\/td>\n<\/tr>\n<tr align=center>\n<td>&nbsp; 2.07.33 \u00e0 2.07.46e&nbsp;<\/td>\n<td>&nbsp; 2012.05.25 &nbsp;<\/td>\n<td>&nbsp; 2013.08.09 &nbsp;<\/td>\n<td width=\"25%\"><a href=\"http:\/\/portail-archives.net\/archilog\/histmaj207c.pdf\" target=\"_blank\">PDF<\/a><\/td>\n<\/tr>\n<tr align=center>\n<td>&nbsp; 2.07.18 \u00e0 2.07.32 &nbsp;<\/td>\n<td>&nbsp; 2011.06.06 &nbsp;<\/td>\n<td>&nbsp; 2012.05.07 &nbsp;<\/td>\n<td width=\"25%\"><a href=\"http:\/\/portail-archives.net\/archilog\/histmaj207b.pdf\" target=\"_blank\">PDF<\/a><\/td>\n<\/tr>\n<tr align=center>\n<td>&nbsp; 2.07.00 \u00e0 2.07.17 &nbsp;<\/td>\n<td>&nbsp; 2010.04.15 &nbsp;<\/td>\n<td>&nbsp; 2011.03.30 &nbsp;<\/td>\n<td width=\"25%\"><a href=\"http:\/\/portail-archives.net\/archilog\/histmaj207a.pdf\" target=\"_blank\">PDF<\/a><\/td>\n<\/tr>\n<tr align=center>\n<td>&nbsp; 2.06.00 \u00e0 2.06.17 &nbsp;<\/td>\n<td>&nbsp; 2008.09.16 &nbsp;<\/td>\n<td>&nbsp; 2010.03.18 &nbsp;<\/td>\n<td width=\"25%\"><a href=\"http:\/\/portail-archives.net\/archilog\/histmaj206.pdf\" target=\"_blank\">PDF<\/a><\/td>\n<\/tr>\n<tr align=center>\n<td>&nbsp; 2.05.01 \u00e0 2.05.13 &nbsp;<\/td>\n<td>&nbsp; 2007.11.08 &nbsp;<\/td>\n<td>&nbsp; 2008.09.16 &nbsp;<\/td>\n<td><a href=\"http:\/\/portail-archives.net\/archilog\/histmaj205.pdf\" target=\"_blank\">PDF<\/a><\/td>\n<\/tr>\n<tr align=center>\n<td>&nbsp; 2.04.00 \u00e0 2.04.38 &nbsp;<\/td>\n<td>&nbsp; 2004.08.20 &nbsp;<\/td>\n<td>&nbsp; 2007.11.08 &nbsp;<\/td>\n<td><a href=\"http:\/\/portail-archives.net\/archilog\/histmaj204.pdf\" target=\"_blank\">PDF<\/a><\/td>\n<\/tr>\n<tr align=center>\n<td>&nbsp; 2.03.01 \u00e0 2.03.27 &nbsp;<\/td>\n<td>&nbsp; 2003.11.24 &nbsp;<\/td>\n<td>&nbsp; 2004.08.17 &nbsp;<\/td>\n<td><a href=\"http:\/\/portail-archives.net\/archilog\/histmaj203.pdf\" target=\"_blank\">PDF<\/a><\/td>\n<\/tr>\n<tr align=center>\n<td>&nbsp; 2.02.07 \u00e0 2.02.28 &nbsp;<\/td>\n<td>&nbsp; 2003.08.21 &nbsp;<\/td>\n<td>&nbsp; 2003.11.24 &nbsp;<\/td>\n<td><a href=\"http:\/\/portail-archives.net\/archilog\/histmaj202.pdf\" target=\"_blank\">PDF<\/a><\/td>\n<\/tr>\n<\/table>\n<p><\/font><\/p>\n<p><font size=\"-1\" color=\"#800000\"><center>Notes<br \/>\nLa version 2.xx utilise Visual Foxpro 6 de Microsoft, tandis que la version 3.xx utilise Visual Foxpro 9.<br \/>\nCette derni\u00e8re version VFP9 est mieux adapt\u00e9e aux PC avec Win 10 ou Win 11.<br \/>\nLes versions 2 et 3 ont co-exist\u00e9es de 2013 \u00e0 2018.<\/p>\n<p>Vous pouvez examiner les mises \u00e0 jour successives de la version DOS d&rsquo;<b>ARCHI-LOG<\/b> en utilisant le lien suivant :<br \/>\n<BR><A HREF=\"https:\/\/portail-archives.net\/archilog\/arch-ma0.htm\" target=\"_blank\">[ version DOS : 1.00 &#8211; 1.92 ]<\/A><\/center><\/font><\/p>\n","protected":false},"excerpt":{"rendered":"<p>Le tableau suivant montre la progression de la version Windows d&rsquo;ARCHI-LOG au cours de ses nombreuses mises \u00e0 jour. Utilisez-le pour apprendre quelles nouvelles fonctions ont \u00e9t\u00e9 ajout\u00e9es depuis la version que vous d\u00e9tenez actuellement. Nouveau : Obtenez la mise &agrave; jour la plus r&eacute;cente Versions de \u00e0 Lien &nbsp; 3.01.02c1 \u00e0 3.01.02d22 &nbsp; &nbsp; [&hellip;]<\/p>\n","protected":false},"author":1,"featured_media":0,"parent":0,"menu_order":0,"comment_status":"closed","ping_status":"closed","template":"","meta":{"footnotes":""},"class_list":["post-71","page","type-page","status-publish","hentry"],"_links":{"self":[{"href":"https:\/\/portail-archives.net\/wp\/wp-json\/wp\/v2\/pages\/71","targetHints":{"allow":["GET"]}}],"collection":[{"href":"https:\/\/portail-archives.net\/wp\/wp-json\/wp\/v2\/pages"}],"about":[{"href":"https:\/\/portail-archives.net\/wp\/wp-json\/wp\/v2\/types\/page"}],"author":[{"embeddable":true,"href":"https:\/\/portail-archives.net\/wp\/wp-json\/wp\/v2\/users\/1"}],"replies":[{"embeddable":true,"href":"https:\/\/portail-archives.net\/wp\/wp-json\/wp\/v2\/comments?post=71"}],"version-history":[{"count":25,"href":"https:\/\/portail-archives.net\/wp\/wp-json\/wp\/v2\/pages\/71\/revisions"}],"predecessor-version":[{"id":450,"href":"https:\/\/portail-archives.net\/wp\/wp-json\/wp\/v2\/pages\/71\/revisions\/450"}],"wp:attachment":[{"href":"https:\/\/portail-archives.net\/wp\/wp-json\/wp\/v2\/media?parent=71"}],"curies":[{"name":"wp","href":"https:\/\/api.w.org\/{rel}","templated":true}]}}